{"id":596,"date":"2022-10-11T16:50:46","date_gmt":"2022-10-11T16:50:46","guid":{"rendered":"https:\/\/berlinoilconnection.de\/?page_id=596"},"modified":"2026-03-13T15:06:46","modified_gmt":"2026-03-13T15:06:46","slug":"bergtee","status":"publish","type":"page","link":"https:\/\/berlinoilconnection.de\/de\/bergtee\/","title":{"rendered":"Bergtee"},"content":{"rendered":"<p align=\"justify\"><img loading=\"lazy\" decoding=\"async\" class=\"alignnone size-large wp-image-1104\" src=\"https:\/\/berlinoilconnection.de\/wp-content\/uploads\/2024\/10\/bioparnontea-1024x768.jpeg\" alt=\"\" width=\"800\" height=\"600\" srcset=\"https:\/\/berlinoilconnection.de\/wp-content\/uploads\/2024\/10\/bioparnontea-1024x768.jpeg 1024w, https:\/\/berlinoilconnection.de\/wp-content\/uploads\/2024\/10\/bioparnontea-300x225.jpeg 300w, https:\/\/berlinoilconnection.de\/wp-content\/uploads\/2024\/10\/bioparnontea-768x576.jpeg 768w, https:\/\/berlinoilconnection.de\/wp-content\/uploads\/2024\/10\/bioparnontea-1536x1152.jpeg 1536w, https:\/\/berlinoilconnection.de\/wp-content\/uploads\/2024\/10\/bioparnontea.jpeg 2048w\" sizes=\"auto, (max-width: 800px) 100vw, 800px\" \/><\/p>\n<p align=\"justify\"><strong><span lang=\"el-GR\">Wir bieten die beste Qualit\u00e4t mit einem einzigartigen Aroma und Geschmack\u00a0 Bergtee direkt aus dem Berg von Parnonas. <\/span><\/strong><\/p>\n<p align=\"justify\">Der Sideritis, bekannt als \u201eBergtee\u201c, geh\u00f6rt zu den beliebtesten Heilkr\u00e4utern der griechischen Tradition. Am Parnon-Gebirge w\u00e4chst er in gro\u00dfer H\u00f6he und in unber\u00fchrter Natur, wodurch ein Aufguss mit reichem Aroma, mildem Geschmack und bemerkenswerten gesundheitlichen Eigenschaften entsteht. Sein Konsum ist seit Jahrhunderten mit der Volksmedizin verbunden, w\u00e4hrend in den letzten Jahren wissenschaftliche Studien seine therapeutischen Wirkungen best\u00e4tigt haben. Traditionell wird Bergtee als nat\u00fcrliches \u201eHeilmittel\u201c gegen Erk\u00e4ltungen, Grippe und Atemwegsinfektionen verwendet, da er Husten lindert, Entz\u00fcndungen reduziert und den Organismus st\u00e4rkt. Gleichzeitig beruhigt er den Magen, lindert Verdauungsbeschwerden und wirkt mild entspannend, indem er den Schlaf f\u00f6rdert. Da er kein Koffein enth\u00e4lt, kann er t\u00e4glich von Jung und Alt konsumiert werden, im Winter hei\u00df und im Sommer kalt.<\/p>\n<p align=\"justify\">Die Wissenschaft untermauert, was die Tradition bereits wusste. Bergtee ist reich an Flavonoiden und Polyphenolen, Substanzen mit starker antioxidativer Wirkung. Studien im <em>Journal of Ethnopharmacology<\/em> zeigten, dass seine Extrakte die Zellen vor oxidativem Stress und Sch\u00e4den sch\u00fctzen, die mit Alterung und chronischen Krankheiten verbunden sind. Parallel dazu belegten Forschungen im <em>Neuropharmacology<\/em>, dass Sideritis das Ged\u00e4chtnis und die kognitiven Funktionen verbessert. In Deutschland wird seine Wirkung als m\u00f6gliches Erg\u00e4nzungsmittel zur Vorbeugung von Demenz und Alzheimer untersucht, da er einen positiven Einfluss auf Serotonin und Dopamin hat. Laut Ver\u00f6ffentlichungen in <em>Planta Medica<\/em> weist Sideritis entz\u00fcndungshemmende und antimikrobielle Eigenschaften auf, was seine traditionelle Verwendung bei Atemwegsinfekten erkl\u00e4rt. Zudem zeigen sowohl traditionelle Erfahrung als auch moderne Forschung, dass er das Verdauungssystem unterst\u00fctzt, indem er Symptome von Dyspepsie und Magen-Darm-Beschwerden lindert; in experimentellen Studien scheint er zudem das Risiko von Magengeschw\u00fcren zu senken. Schlie\u00dflich gibt es Hinweise auf eine milde angstl\u00f6sende und beruhigende Wirkung, die Entspannung und Schlaf f\u00f6rdert \u2013 ganz ohne Nebenwirkungen.<\/p>\n<p align=\"justify\">Der Bergtee vom Parnon ist also nicht nur ein aromatisches und erfrischendes Getr\u00e4nk, sondern ein wertvoller nat\u00fcrlicher Verb\u00fcndeter f\u00fcr die Gesundheit. Tradition und Wissenschaft treffen hier aufeinander, um seine vielf\u00e4ltigen Eigenschaften hervorzuheben \u2013 von der St\u00e4rkung des Immunsystems und dem Schutz des Gehirns bis hin zur Verbesserung der Stimmung und der Linderung allt\u00e4glicher Beschwerden. Es handelt sich um ein authentisch griechisches Heilkraut, das in keinem Haushalt fehlen sollte.<\/p>\n","protected":false},"excerpt":{"rendered":"<p>Wir bieten die beste Qualit\u00e4t mit einem einzigartigen Aroma und Geschmack\u00a0 Bergtee direkt aus dem Berg von Parnonas. Der Sideritis, bekannt als \u201eBergtee\u201c, geh\u00f6rt zu den beliebtesten Heilkr\u00e4utern der griechischen Tradition. Am Parnon-Gebirge w\u00e4chst er in gro\u00dfer H\u00f6he und in unber\u00fchrter Natur, wodurch ein Aufguss mit reichem Aroma, mildem Geschmack und bemerkenswerten gesundheitlichen Eigenschaften entsteht. [&hellip;]<\/p>\n","protected":false},"author":1,"featured_media":0,"parent":0,"menu_order":0,"comment_status":"closed","ping_status":"closed","template":"","meta":{"footnotes":""},"class_list":["post-596","page","type-page","status-publish","hentry"],"jetpack_sharing_enabled":true,"_links":{"self":[{"href":"https:\/\/berlinoilconnection.de\/de\/wp-json\/wp\/v2\/pages\/596","targetHints":{"allow":["GET"]}}],"collection":[{"href":"https:\/\/berlinoilconnection.de\/de\/wp-json\/wp\/v2\/pages"}],"about":[{"href":"https:\/\/berlinoilconnection.de\/de\/wp-json\/wp\/v2\/types\/page"}],"author":[{"embeddable":true,"href":"https:\/\/berlinoilconnection.de\/de\/wp-json\/wp\/v2\/users\/1"}],"replies":[{"embeddable":true,"href":"https:\/\/berlinoilconnection.de\/de\/wp-json\/wp\/v2\/comments?post=596"}],"version-history":[{"count":21,"href":"https:\/\/berlinoilconnection.de\/de\/wp-json\/wp\/v2\/pages\/596\/revisions"}],"predecessor-version":[{"id":1601,"href":"https:\/\/berlinoilconnection.de\/de\/wp-json\/wp\/v2\/pages\/596\/revisions\/1601"}],"wp:attachment":[{"href":"https:\/\/berlinoilconnection.de\/de\/wp-json\/wp\/v2\/media?parent=596"}],"curies":[{"name":"wp","href":"https:\/\/api.w.org\/{rel}","templated":true}]}}