{"id":544,"date":"2021-10-19T16:02:17","date_gmt":"2021-10-19T16:02:17","guid":{"rendered":"https:\/\/berlinoilconnection.de\/en\/?page_id=544"},"modified":"2024-11-27T13:29:08","modified_gmt":"2024-11-27T13:29:08","slug":"olive-oil-2","status":"publish","type":"page","link":"https:\/\/berlinoilconnection.de\/de\/olive-oil-2\/","title":{"rendered":"Unser Oliven\u00f6l"},"content":{"rendered":"<p>&nbsp;<\/p>\n<p><img loading=\"lazy\" decoding=\"async\" class=\"alignnone size-large wp-image-588\" src=\"http:\/\/berlinoilconnection.de\/wp-content\/uploads\/2022\/10\/newbottles-768x1024.jpg\" alt=\"\" width=\"768\" height=\"1024\" srcset=\"https:\/\/berlinoilconnection.de\/wp-content\/uploads\/2022\/10\/newbottles-768x1024.jpg 768w, https:\/\/berlinoilconnection.de\/wp-content\/uploads\/2022\/10\/newbottles-225x300.jpg 225w, https:\/\/berlinoilconnection.de\/wp-content\/uploads\/2022\/10\/newbottles.jpg 960w\" sizes=\"auto, (max-width: 768px) 100vw, 768px\" \/><\/p>\n<p><em>Unser Oliven\u00f6l wird von<a href=\"https:\/\/www.liakakos-estate.gr\/?lang=en\" target=\"_blank\" rel=\"noopener\"><strong> Liakakos estate <\/strong><\/a>in Githion Laconia abgef\u00fcllt. Zulassungscode EL 40769<\/em><\/p>\n<h3><span style=\"color: #008000;\"><strong>Oliven\u00f6l Sorte Koroneiki immer in Berlin in 750ml Flaschen und 500ml erh\u00e4ltlich. Bestellen Sie jetzt \u00fcber das untenstehende Formular:<\/strong> <\/span><\/h3>\n","protected":false},"excerpt":{"rendered":"<p>&nbsp; Unser Oliven\u00f6l wird von Liakakos estate in Githion Laconia abgef\u00fcllt. Zulassungscode EL 40769 Oliven\u00f6l Sorte Koroneiki immer in Berlin in 750ml Flaschen und 500ml erh\u00e4ltlich. Bestellen Sie jetzt \u00fcber das untenstehende Formular:<\/p>\n","protected":false},"author":1,"featured_media":0,"parent":0,"menu_order":0,"comment_status":"closed","ping_status":"closed","template":"","meta":{"footnotes":""},"class_list":["post-544","page","type-page","status-publish","hentry"],"jetpack_sharing_enabled":true,"_links":{"self":[{"href":"https:\/\/berlinoilconnection.de\/de\/wp-json\/wp\/v2\/pages\/544","targetHints":{"allow":["GET"]}}],"collection":[{"href":"https:\/\/berlinoilconnection.de\/de\/wp-json\/wp\/v2\/pages"}],"about":[{"href":"https:\/\/berlinoilconnection.de\/de\/wp-json\/wp\/v2\/types\/page"}],"author":[{"embeddable":true,"href":"https:\/\/berlinoilconnection.de\/de\/wp-json\/wp\/v2\/users\/1"}],"replies":[{"embeddable":true,"href":"https:\/\/berlinoilconnection.de\/de\/wp-json\/wp\/v2\/comments?post=544"}],"version-history":[{"count":15,"href":"https:\/\/berlinoilconnection.de\/de\/wp-json\/wp\/v2\/pages\/544\/revisions"}],"predecessor-version":[{"id":1163,"href":"https:\/\/berlinoilconnection.de\/de\/wp-json\/wp\/v2\/pages\/544\/revisions\/1163"}],"wp:attachment":[{"href":"https:\/\/berlinoilconnection.de\/de\/wp-json\/wp\/v2\/media?parent=544"}],"curies":[{"name":"wp","href":"https:\/\/api.w.org\/{rel}","templated":true}]}}