{"id":1564,"date":"2025-12-10T14:16:50","date_gmt":"2025-12-10T14:16:50","guid":{"rendered":"https:\/\/berlinoilconnection.de\/en\/?page_id=1564"},"modified":"2026-03-13T15:03:19","modified_gmt":"2026-03-13T15:03:19","slug":"vinegar","status":"publish","type":"page","link":"https:\/\/berlinoilconnection.de\/de\/vinegar\/","title":{"rendered":"WeinEssig &#8211; Balsamico"},"content":{"rendered":"<p align=\"justify\"><img loading=\"lazy\" decoding=\"async\" class=\"alignnone size-large wp-image-1557\" src=\"https:\/\/berlinoilconnection.de\/wp-content\/uploads\/2025\/12\/winegar-1024x1024.jpg\" alt=\"\" width=\"800\" height=\"800\" srcset=\"https:\/\/berlinoilconnection.de\/wp-content\/uploads\/2025\/12\/winegar-1024x1024.jpg 1024w, https:\/\/berlinoilconnection.de\/wp-content\/uploads\/2025\/12\/winegar-300x300.jpg 300w, https:\/\/berlinoilconnection.de\/wp-content\/uploads\/2025\/12\/winegar-150x150.jpg 150w, https:\/\/berlinoilconnection.de\/wp-content\/uploads\/2025\/12\/winegar-768x768.jpg 768w, https:\/\/berlinoilconnection.de\/wp-content\/uploads\/2025\/12\/winegar.jpg 1440w\" sizes=\"auto, (max-width: 800px) 100vw, 800px\" \/><\/p>\n<p align=\"justify\"><img loading=\"lazy\" decoding=\"async\" class=\"alignnone size-large wp-image-1556\" src=\"https:\/\/berlinoilconnection.de\/wp-content\/uploads\/2025\/12\/balsamico-1024x1024.jpg\" alt=\"\" width=\"800\" height=\"800\" srcset=\"https:\/\/berlinoilconnection.de\/wp-content\/uploads\/2025\/12\/balsamico-1024x1024.jpg 1024w, https:\/\/berlinoilconnection.de\/wp-content\/uploads\/2025\/12\/balsamico-300x300.jpg 300w, https:\/\/berlinoilconnection.de\/wp-content\/uploads\/2025\/12\/balsamico-150x150.jpg 150w, https:\/\/berlinoilconnection.de\/wp-content\/uploads\/2025\/12\/balsamico-768x767.jpg 768w, https:\/\/berlinoilconnection.de\/wp-content\/uploads\/2025\/12\/balsamico.jpg 1440w\" sizes=\"auto, (max-width: 800px) 100vw, 800px\" \/><\/p>\n<p align=\"justify\">Erleben Sie die au\u00dfergew\u00f6hnlichen Aromen der <a href=\"https:\/\/silver-leaf.de\/artisan-foods\/#vinegar\" target=\"_blank\" rel=\"noopener\"><strong>Silver Leaf-Vinegars<\/strong><\/a> \u2013 einer Lebensmittelmanufaktur aus Lakonien \u2013 jetzt in Berlin, importiert von <strong>Berlin Oil Connection<\/strong>.<\/p>\n<p align=\"justify\">Ihr <strong>Cabernet-Weinessig<\/strong>, perfekt gereift, besticht durch reiches Aroma, Farbe und ausgewogene S\u00fc\u00dfe.<\/p>\n<p align=\"justify\">Ihr <strong>Balsamico-Essig<\/strong>, hergestellt aus gekochtem Traubenmost und Weinessig, reift nat\u00fcrlich in Eichenf\u00e4ssern, ganz ohne Konservierungsstoffe, Karamell oder Verdickungsmittel, und bietet unvergleichliche Tiefe und Komplexit\u00e4t.<\/p>\n<p align=\"justify\">Jede Flasche der <strong>Silver Leaf-Vinegars<\/strong> erz\u00e4hlt eine Geschichte von Handwerkskunst und Geduld. Sorgf\u00e4ltig ausgew\u00e4hlte Trauben, traditionelle Verfahren und pr\u00e4zise Reifung schaffen Essige, die weit mehr sind als nur Zutaten \u2013 sie sind ein Fest des Geschmacks. Ob \u00fcber frischen Salaten, zum Verfeinern von ger\u00f6stetem Gem\u00fcse oder in Kombination mit feinen K\u00e4sesorten \u2013 diese Essige verleihen jedem Gericht Tiefe, Eleganz und einen Hauch kulinarischer Kunst.<\/p>\n<p align=\"justify\">Veredeln Sie Ihre Gerichte mit diesen handwerklichen Essigen \u2013 jetzt erh\u00e4ltlich bei <strong>Berlin Oil Connection<\/strong> und jeden Samstag auf dem <strong>Schillermarkt im Schillerkiez<\/strong>.<\/p>\n","protected":false},"excerpt":{"rendered":"<p>Erleben Sie die au\u00dfergew\u00f6hnlichen Aromen der Silver Leaf-Vinegars \u2013 einer Lebensmittelmanufaktur aus Lakonien \u2013 jetzt in Berlin, importiert von Berlin Oil Connection. Ihr Cabernet-Weinessig, perfekt gereift, besticht durch reiches Aroma, Farbe und ausgewogene S\u00fc\u00dfe. Ihr Balsamico-Essig, hergestellt aus gekochtem Traubenmost und Weinessig, reift nat\u00fcrlich in Eichenf\u00e4ssern, ganz ohne Konservierungsstoffe, Karamell oder Verdickungsmittel, und bietet unvergleichliche [&hellip;]<\/p>\n","protected":false},"author":1,"featured_media":0,"parent":0,"menu_order":0,"comment_status":"closed","ping_status":"closed","template":"","meta":{"footnotes":""},"class_list":["post-1564","page","type-page","status-publish","hentry"],"jetpack_sharing_enabled":true,"_links":{"self":[{"href":"https:\/\/berlinoilconnection.de\/de\/wp-json\/wp\/v2\/pages\/1564","targetHints":{"allow":["GET"]}}],"collection":[{"href":"https:\/\/berlinoilconnection.de\/de\/wp-json\/wp\/v2\/pages"}],"about":[{"href":"https:\/\/berlinoilconnection.de\/de\/wp-json\/wp\/v2\/types\/page"}],"author":[{"embeddable":true,"href":"https:\/\/berlinoilconnection.de\/de\/wp-json\/wp\/v2\/users\/1"}],"replies":[{"embeddable":true,"href":"https:\/\/berlinoilconnection.de\/de\/wp-json\/wp\/v2\/comments?post=1564"}],"version-history":[{"count":7,"href":"https:\/\/berlinoilconnection.de\/de\/wp-json\/wp\/v2\/pages\/1564\/revisions"}],"predecessor-version":[{"id":1599,"href":"https:\/\/berlinoilconnection.de\/de\/wp-json\/wp\/v2\/pages\/1564\/revisions\/1599"}],"wp:attachment":[{"href":"https:\/\/berlinoilconnection.de\/de\/wp-json\/wp\/v2\/media?parent=1564"}],"curies":[{"name":"wp","href":"https:\/\/api.w.org\/{rel}","templated":true}]}}