{"id":1411,"date":"2025-05-18T11:15:11","date_gmt":"2025-05-18T11:15:11","guid":{"rendered":"https:\/\/berlinoilconnection.de\/en\/?page_id=1411"},"modified":"2026-03-13T14:59:20","modified_gmt":"2026-03-13T14:59:20","slug":"herbs","status":"publish","type":"page","link":"https:\/\/berlinoilconnection.de\/de\/herbs\/","title":{"rendered":"Kr\u00e4utern"},"content":{"rendered":"<p align=\"justify\"><img loading=\"lazy\" decoding=\"async\" class=\"size-full wp-image-1412 aligncenter\" src=\"https:\/\/berlinoilconnection.de\/wp-content\/uploads\/2025\/05\/herbs.jpg\" alt=\"\" width=\"701\" height=\"702\" srcset=\"https:\/\/berlinoilconnection.de\/wp-content\/uploads\/2025\/05\/herbs.jpg 701w, https:\/\/berlinoilconnection.de\/wp-content\/uploads\/2025\/05\/herbs-300x300.jpg 300w, https:\/\/berlinoilconnection.de\/wp-content\/uploads\/2025\/05\/herbs-150x150.jpg 150w\" sizes=\"auto, (max-width: 701px) 100vw, 701px\" \/><\/p>\n<p align=\"justify\">Unter den Produkten, die ich nach Berlin bringe, sind zwei Sorten Bergtee sowie eine gro\u00dfe Auswahl an BKr\u00e4utern vom <a href=\"https:\/\/duckduckgo.com\/?t=ffab&#038;q=Berg+Parnon&#038;atb=v342-1&#038;iaxm=maps&#038;bbox=22.178795482521025%2C37.42356198761263%2C23.281204517478955%2C36.79643799919724\" target=\"_blank\" rel=\"noopener\"><strong>Berg Parnon<\/strong><\/a> im S\u00fcden des Peloponnes. Diese werden mit gro\u00dfer Sorgfalt von <a href=\"https:\/\/www.bioparnon.gr\/en\/\" target=\"_blank\" rel=\"noopener\"><strong>Bioparnon<\/strong><\/a> produziert.<\/p>\n<p align=\"justify\">Jede Woche finden Sie mich auf dem <span style=\"color: #008000;\"><a style=\"color: #008000;\" href=\"https:\/\/www.wochenmarkt-deutschland.de\/maerkte\/berlin\/herrfurthplatz-schillermarkt\/\" target=\"_blank\" rel=\"noopener\"><strong>Schillermarkt<\/strong><\/a><\/span> mit einer feinen Auswahl an Kr\u00e4utern, darunter:<\/p>\n<ul>\n<li>\n<p align=\"justify\">Lorbeerbl\u00e4tter<\/p>\n<\/li>\n<li>\n<p align=\"justify\">Oregano<\/p>\n<\/li>\n<li>\n<p align=\"justify\">Basilikum<\/p>\n<\/li>\n<li>\n<p align=\"justify\">Rosmarin<\/p>\n<\/li>\n<li>\n<p align=\"justify\">Barbecue-Mischung (verschiedene Kr\u00e4uter)<\/p>\n<\/li>\n<li>\n<p align=\"justify\">Salatmischung (verschiedene Kr\u00e4uter)<\/p>\n<\/li>\n<li>\n<p align=\"justify\">Thymian<\/p>\n<\/li>\n<li>\n<p align=\"justify\">Bohnenkraut<\/p>\n<\/li>\n<li>Majoran<\/li>\n<\/ul>\n<p>by South East Connection GbR<\/p>\n<p><a href=\"https:\/\/berlinoilconnection.de\/de\/contact\/\"><strong data-start=\"123\" data-end=\"167\">F\u00fcr Bestellungen kontaktiere mich bitte.<\/strong><\/a><\/p>\n","protected":false},"excerpt":{"rendered":"<p>Unter den Produkten, die ich nach Berlin bringe, sind zwei Sorten Bergtee sowie eine gro\u00dfe Auswahl an BKr\u00e4utern vom Berg Parnon im S\u00fcden des Peloponnes. Diese werden mit gro\u00dfer Sorgfalt von Bioparnon produziert. Jede Woche finden Sie mich auf dem Schillermarkt mit einer feinen Auswahl an Kr\u00e4utern, darunter: Lorbeerbl\u00e4tter Oregano Basilikum Rosmarin Barbecue-Mischung (verschiedene Kr\u00e4uter) [&hellip;]<\/p>\n","protected":false},"author":1,"featured_media":0,"parent":0,"menu_order":0,"comment_status":"closed","ping_status":"closed","template":"","meta":{"footnotes":""},"class_list":["post-1411","page","type-page","status-publish","hentry"],"jetpack_sharing_enabled":true,"_links":{"self":[{"href":"https:\/\/berlinoilconnection.de\/de\/wp-json\/wp\/v2\/pages\/1411","targetHints":{"allow":["GET"]}}],"collection":[{"href":"https:\/\/berlinoilconnection.de\/de\/wp-json\/wp\/v2\/pages"}],"about":[{"href":"https:\/\/berlinoilconnection.de\/de\/wp-json\/wp\/v2\/types\/page"}],"author":[{"embeddable":true,"href":"https:\/\/berlinoilconnection.de\/de\/wp-json\/wp\/v2\/users\/1"}],"replies":[{"embeddable":true,"href":"https:\/\/berlinoilconnection.de\/de\/wp-json\/wp\/v2\/comments?post=1411"}],"version-history":[{"count":15,"href":"https:\/\/berlinoilconnection.de\/de\/wp-json\/wp\/v2\/pages\/1411\/revisions"}],"predecessor-version":[{"id":1593,"href":"https:\/\/berlinoilconnection.de\/de\/wp-json\/wp\/v2\/pages\/1411\/revisions\/1593"}],"wp:attachment":[{"href":"https:\/\/berlinoilconnection.de\/de\/wp-json\/wp\/v2\/media?parent=1411"}],"curies":[{"name":"wp","href":"https:\/\/api.w.org\/{rel}","templated":true}]}}