{"id":1084,"date":"2024-07-17T12:46:33","date_gmt":"2024-07-17T12:46:33","guid":{"rendered":"https:\/\/berlinoilconnection.de\/en\/?page_id=1084"},"modified":"2026-03-13T14:50:43","modified_gmt":"2026-03-13T14:50:43","slug":"the-concept","status":"publish","type":"page","link":"https:\/\/berlinoilconnection.de\/de\/the-concept\/","title":{"rendered":"Das Konzept"},"content":{"rendered":"<p align=\"justify\">Die <a href=\"https:\/\/berlinoilconnection.de\/de\/\"><strong><span style=\"color: #008000;\">Berlin Oil Connection<\/span><\/strong><\/a> ist ein kleines Projekt im Bezirk <a href=\"https:\/\/duckduckgo.com\/?t=ffab&#038;q=neuk%C3%B6lln&#038;atb=v342-1&#038;iaxm=maps&#038;source=maps\" target=\"_blank\" rel=\"noopener\"><strong>Neuk\u00f6lln<\/strong><\/a>. Jedes Jahr bringe ich in Berlin das beste qualitativ hochwertige Extra Virgin Oliven\u00f6l (kalt gepresst) von der Farm meiner Familie nahe dem <a href=\"https:\/\/de.wikipedia.org\/wiki\/Geraki_(Evrotas)\" target=\"_blank\" rel=\"noopener\"><strong>Dorf Geraki<\/strong><\/a> im <a href=\"https:\/\/de.wikipedia.org\/wiki\/Peloponnes\" target=\"_blank\" rel=\"noopener\"><strong>s\u00fcdlichen Peloponnes<\/strong><\/a> (Lakonien). Die Oliven werden in der \u00d6lm\u00fchle separat gepresst und die Standardisierung (Abf\u00fcllung in Flaschen) des \u00d6ls erfolgt ebenfalls in der Region Lakonien. W\u00e4hrend der Ernte bringen wir die Oliven so schnell wie m\u00f6glich zur M\u00fchle, normalerweise am selben Tag, wodurch die S\u00e4ure niedrig bleibt und die restlichen Ergebnisse einfach ausgezeichnet sind. Unser Oliven\u00f6l sowie andere lokale Produkte aus der <a href=\"https:\/\/www.feelgreece.com\/de\/laconia\" target=\"_blank\" rel=\"noopener\"><strong>Region Lakonien<\/strong><\/a>, <strong>Oregano<\/strong>, andere Kr\u00e4uter, <strong>Salben, <a href=\"https:\/\/en.wikipedia.org\/wiki\/Kalamata_olive\" target=\"_blank\" rel=\"noopener\">kalamon<\/a> und Gr\u00fcne Oliven<\/strong>, Balsamico, Weinessig, <a href=\"https:\/\/berlinoilconnection.de\/de\/meersalz\/\" target=\"_blank\" rel=\"noopener\"><strong>meersalz<\/strong><\/a> und der ausgezeichnete <a href=\"https:\/\/berlinoilconnection.de\/de\/bergtee\/\" target=\"_blank\" rel=\"noopener\"><strong>Bergtee<\/strong><\/a> vom <a href=\"https:\/\/de.wikipedia.org\/wiki\/Parnon-Gebirge\" target=\"_blank\" rel=\"noopener\"><strong>Berg Parnonas<\/strong><\/a>, sind jeden Samstag auf dem <a href=\"https:\/\/www.mv-perske.de\/schillermarkt.html\" target=\"_blank\" rel=\"noopener\"><strong>Schiller Markt<\/strong><\/a> in der N\u00e4he des <a href=\"https:\/\/www.tempelhoferfeld.de\/\" target=\"_blank\" rel=\"noopener\"><strong>Tempelhofer Feldes<\/strong><\/a> oder per E-Mail erh\u00e4ltlich.<\/p>\n<p>Die Berlin Oil Connection arbeitet ausschlie\u00dflich in direkter Verbindung zu lokalen Bauern ohne Vermittler. Wenn Sie zus\u00e4tzliche Fragen zur Region Lakonien, unserem Extra Virgin Oliven\u00f6l und dar\u00fcber hinaus haben, z\u00f6gern Sie nicht, mich zu kontaktieren.<\/p>\n<p><strong>Oliven, Kr\u00e4uter und weitere Produkte werden von der South East Connection GbR importiert.<\/strong><\/p>\n<p><img loading=\"lazy\" decoding=\"async\" class=\"alignnone size-large wp-image-1283\" src=\"https:\/\/berlinoilconnection.de\/wp-content\/uploads\/2025\/02\/farmview-1024x683.jpg\" alt=\"\" width=\"800\" height=\"534\" srcset=\"https:\/\/berlinoilconnection.de\/wp-content\/uploads\/2025\/02\/farmview-1024x683.jpg 1024w, https:\/\/berlinoilconnection.de\/wp-content\/uploads\/2025\/02\/farmview-300x200.jpg 300w, https:\/\/berlinoilconnection.de\/wp-content\/uploads\/2025\/02\/farmview-768x512.jpg 768w, https:\/\/berlinoilconnection.de\/wp-content\/uploads\/2025\/02\/farmview-1536x1024.jpg 1536w, https:\/\/berlinoilconnection.de\/wp-content\/uploads\/2025\/02\/farmview.jpg 1944w\" sizes=\"auto, (max-width: 800px) 100vw, 800px\" \/><\/p>\n","protected":false},"excerpt":{"rendered":"<p>Die Berlin Oil Connection ist ein kleines Projekt im Bezirk Neuk\u00f6lln. Jedes Jahr bringe ich in Berlin das beste qualitativ hochwertige Extra Virgin Oliven\u00f6l (kalt gepresst) von der Farm meiner Familie nahe dem Dorf Geraki im s\u00fcdlichen Peloponnes (Lakonien). Die Oliven werden in der \u00d6lm\u00fchle separat gepresst und die Standardisierung (Abf\u00fcllung in Flaschen) des \u00d6ls [&hellip;]<\/p>\n","protected":false},"author":1,"featured_media":0,"parent":0,"menu_order":0,"comment_status":"closed","ping_status":"closed","template":"","meta":{"footnotes":""},"class_list":["post-1084","page","type-page","status-publish","hentry"],"jetpack_sharing_enabled":true,"_links":{"self":[{"href":"https:\/\/berlinoilconnection.de\/de\/wp-json\/wp\/v2\/pages\/1084","targetHints":{"allow":["GET"]}}],"collection":[{"href":"https:\/\/berlinoilconnection.de\/de\/wp-json\/wp\/v2\/pages"}],"about":[{"href":"https:\/\/berlinoilconnection.de\/de\/wp-json\/wp\/v2\/types\/page"}],"author":[{"embeddable":true,"href":"https:\/\/berlinoilconnection.de\/de\/wp-json\/wp\/v2\/users\/1"}],"replies":[{"embeddable":true,"href":"https:\/\/berlinoilconnection.de\/de\/wp-json\/wp\/v2\/comments?post=1084"}],"version-history":[{"count":34,"href":"https:\/\/berlinoilconnection.de\/de\/wp-json\/wp\/v2\/pages\/1084\/revisions"}],"predecessor-version":[{"id":1591,"href":"https:\/\/berlinoilconnection.de\/de\/wp-json\/wp\/v2\/pages\/1084\/revisions\/1591"}],"wp:attachment":[{"href":"https:\/\/berlinoilconnection.de\/de\/wp-json\/wp\/v2\/media?parent=1084"}],"curies":[{"name":"wp","href":"https:\/\/api.w.org\/{rel}","templated":true}]}}